{"id":317,"date":"2026-04-01T09:53:40","date_gmt":"2026-04-01T09:53:40","guid":{"rendered":"https:\/\/urbanspygame.fr\/?page_id=317"},"modified":"2026-04-01T11:17:09","modified_gmt":"2026-04-01T11:17:09","slug":"bienvenue-dans-la-communaute-du-renseignement","status":"publish","type":"page","link":"https:\/\/urbanspygame.fr\/","title":{"rendered":"Bienvenue dans la communaut\u00e9 du renseignement."},"content":{"rendered":"\n<figure class=\"wp-block-image size-large\"><img loading=\"lazy\" decoding=\"async\" width=\"1024\" height=\"683\" src=\"https:\/\/urbanspygame.fr\/wp-content\/uploads\/2026\/04\/URBEXPIONNAGE-Bandeau-Accueil-1024x683.jpg\" alt=\"\" class=\"wp-image-318\" srcset=\"https:\/\/urbanspygame.fr\/wp-content\/uploads\/2026\/04\/URBEXPIONNAGE-Bandeau-Accueil-1024x683.jpg 1024w, https:\/\/urbanspygame.fr\/wp-content\/uploads\/2026\/04\/URBEXPIONNAGE-Bandeau-Accueil-300x200.jpg 300w, https:\/\/urbanspygame.fr\/wp-content\/uploads\/2026\/04\/URBEXPIONNAGE-Bandeau-Accueil-768x512.jpg 768w, https:\/\/urbanspygame.fr\/wp-content\/uploads\/2026\/04\/URBEXPIONNAGE-Bandeau-Accueil.jpg 1536w\" sizes=\"auto, (max-width: 1024px) 100vw, 1024px\" \/><\/figure>\n\n\n\n<p>Bonjour.<\/p>\n\n\n\n<p>Que souhaitez-vous ?<\/p>\n\n\n\n<p>-&gt; Obtenir un code mission.<\/p>\n\n\n\n<p>-&gt; saisir un code mission que vous poss\u00e9dez d\u00e9j\u00e0.<\/p>\n\n\n\n<div style=\"height:151px\" aria-hidden=\"true\" class=\"wp-block-spacer\"><\/div>\n\n\n\n<p>   <\/p>\n\n\n\n<div data-wp-context=\"{ &quot;autoclose&quot;: false, &quot;accordionItems&quot;: [] }\" data-wp-interactive=\"core\/accordion\" role=\"group\" class=\"wp-block-accordion is-layout-flow wp-block-accordion-is-layout-flow\">\n<div data-wp-class--is-open=\"state.isOpen\" data-wp-context=\"{ &quot;id&quot;: &quot;accordion-item-1&quot;, &quot;openByDefault&quot;: false }\" data-wp-init=\"callbacks.initAccordionItems\" data-wp-on-window--hashchange=\"callbacks.hashChange\" class=\"wp-block-accordion-item is-layout-flow wp-block-accordion-item-is-layout-flow\">\n<h3 class=\"wp-block-accordion-heading\"><button aria-expanded=\"false\" aria-controls=\"accordion-item-1-panel\" data-wp-bind--aria-expanded=\"state.isOpen\" data-wp-on--click=\"actions.toggle\" data-wp-on--keydown=\"actions.handleKeyDown\" id=\"accordion-item-1\" type=\"button\" class=\"wp-block-accordion-heading__toggle\"><span class=\"wp-block-accordion-heading__toggle-title\">(Message de s\u00e9curit\u00e9 \u00e0 lire imp\u00e9rativement)<\/span><span class=\"wp-block-accordion-heading__toggle-icon\" aria-hidden=\"true\">+<\/span><\/button><\/h3>\n\n\n\n<div inert aria-labelledby=\"accordion-item-1\" data-wp-bind--inert=\"!state.isOpen\" id=\"accordion-item-1-panel\" role=\"region\" class=\"wp-block-accordion-panel is-layout-flow wp-block-accordion-panel-is-layout-flow\">\n<p><strong><em><sup>Toutes nos missions sont purement fictives et con\u00e7ues pour le divertissement. Les hypoth\u00e8ses diplomatiques, les institutions, les lieux mentionn\u00e9s le sont de fa\u00e7on purement fictionnelle. Les parcours respectent la l\u00e9gislation locale, et vous \u00eates priez de respecter les lieux visit\u00e9s, sans vous faire remarquer de fa\u00e7on voyante.<\/sup><\/em><\/strong><\/p>\n<\/div>\n<\/div>\n<\/div>\n\n\n\n<p><\/p>\n","protected":false},"excerpt":{"rendered":"<p>Bonjour. Que souhaitez-vous ? -&gt; Obtenir un code mission. -&gt; saisir un code mission que vous poss\u00e9dez d\u00e9j\u00e0.<\/p>\n","protected":false},"author":1,"featured_media":0,"parent":0,"menu_order":0,"comment_status":"closed","ping_status":"closed","template":"","meta":{"footnotes":"[]"},"class_list":["post-317","page","type-page","status-publish","hentry"],"yoast_head":"<!-- This site is optimized with the Yoast SEO plugin v23.9 - https:\/\/yoast.com\/wordpress\/plugins\/seo\/ -->\n<title>Bienvenue dans la communaut\u00e9 du renseignement. - Urban Spy Game<\/title>\n<meta name=\"robots\" content=\"index, follow, max-snippet:-1, max-image-preview:large, max-video-preview:-1\" \/>\n<link rel=\"canonical\" href=\"https:\/\/urbanspygame.fr\/\" \/>\n<meta property=\"og:locale\" content=\"fr_FR\" \/>\n<meta property=\"og:type\" content=\"article\" \/>\n<meta property=\"og:title\" content=\"Bienvenue dans la communaut\u00e9 du renseignement. - Urban Spy Game\" \/>\n<meta property=\"og:description\" content=\"Bonjour. Que souhaitez-vous ? -&gt; Obtenir un code mission. -&gt; saisir un code mission que vous poss\u00e9dez d\u00e9j\u00e0.\" \/>\n<meta property=\"og:url\" content=\"https:\/\/urbanspygame.fr\/\" \/>\n<meta property=\"og:site_name\" content=\"Urban Spy Game\" \/>\n<meta property=\"article:modified_time\" content=\"2026-04-01T11:17:09+00:00\" \/>\n<meta property=\"og:image\" content=\"https:\/\/urbanspygame.fr\/wp-content\/uploads\/2026\/04\/URBEXPIONNAGE-Bandeau-Accueil.jpg\" \/>\n\t<meta property=\"og:image:width\" content=\"1536\" \/>\n\t<meta property=\"og:image:height\" content=\"1024\" \/>\n\t<meta property=\"og:image:type\" content=\"image\/jpeg\" \/>\n<meta name=\"twitter:card\" content=\"summary_large_image\" \/>\n<meta name=\"twitter:label1\" content=\"Dur\u00e9e de lecture estim\u00e9e\" \/>\n\t<meta name=\"twitter:data1\" content=\"1 minute\" \/>\n<script type=\"application\/ld+json\" class=\"yoast-schema-graph\">{\"@context\":\"https:\/\/schema.org\",\"@graph\":[{\"@type\":\"WebPage\",\"@id\":\"https:\/\/urbanspygame.fr\/\",\"url\":\"https:\/\/urbanspygame.fr\/\",\"name\":\"Bienvenue dans la communaut\u00e9 du renseignement. - Urban Spy Game\",\"isPartOf\":{\"@id\":\"https:\/\/urbanspygame.fr\/#website\"},\"primaryImageOfPage\":{\"@id\":\"https:\/\/urbanspygame.fr\/#primaryimage\"},\"image\":{\"@id\":\"https:\/\/urbanspygame.fr\/#primaryimage\"},\"thumbnailUrl\":\"https:\/\/urbanspygame.fr\/wp-content\/uploads\/2026\/04\/URBEXPIONNAGE-Bandeau-Accueil-1024x683.jpg\",\"datePublished\":\"2026-04-01T09:53:40+00:00\",\"dateModified\":\"2026-04-01T11:17:09+00:00\",\"breadcrumb\":{\"@id\":\"https:\/\/urbanspygame.fr\/#breadcrumb\"},\"inLanguage\":\"fr-FR\",\"potentialAction\":[{\"@type\":\"ReadAction\",\"target\":[\"https:\/\/urbanspygame.fr\/\"]}]},{\"@type\":\"ImageObject\",\"inLanguage\":\"fr-FR\",\"@id\":\"https:\/\/urbanspygame.fr\/#primaryimage\",\"url\":\"https:\/\/urbanspygame.fr\/wp-content\/uploads\/2026\/04\/URBEXPIONNAGE-Bandeau-Accueil.jpg\",\"contentUrl\":\"https:\/\/urbanspygame.fr\/wp-content\/uploads\/2026\/04\/URBEXPIONNAGE-Bandeau-Accueil.jpg\",\"width\":1536,\"height\":1024},{\"@type\":\"BreadcrumbList\",\"@id\":\"https:\/\/urbanspygame.fr\/#breadcrumb\",\"itemListElement\":[{\"@type\":\"ListItem\",\"position\":1,\"name\":\"Accueil\",\"item\":\"https:\/\/urbanspygame.fr\/\"},{\"@type\":\"ListItem\",\"position\":2,\"name\":\"Bienvenue dans la communaut\u00e9 du renseignement.\"}]},{\"@type\":\"WebSite\",\"@id\":\"https:\/\/urbanspygame.fr\/#website\",\"url\":\"https:\/\/urbanspygame.fr\/\",\"name\":\"Urban Spy Game\",\"description\":\"\",\"potentialAction\":[{\"@type\":\"SearchAction\",\"target\":{\"@type\":\"EntryPoint\",\"urlTemplate\":\"https:\/\/urbanspygame.fr\/?s={search_term_string}\"},\"query-input\":{\"@type\":\"PropertyValueSpecification\",\"valueRequired\":true,\"valueName\":\"search_term_string\"}}],\"inLanguage\":\"fr-FR\"}]}<\/script>\n<!-- \/ Yoast SEO plugin. -->","yoast_head_json":{"title":"Bienvenue dans la communaut\u00e9 du renseignement. - Urban Spy Game","robots":{"index":"index","follow":"follow","max-snippet":"max-snippet:-1","max-image-preview":"max-image-preview:large","max-video-preview":"max-video-preview:-1"},"canonical":"https:\/\/urbanspygame.fr\/","og_locale":"fr_FR","og_type":"article","og_title":"Bienvenue dans la communaut\u00e9 du renseignement. - Urban Spy Game","og_description":"Bonjour. Que souhaitez-vous ? -&gt; Obtenir un code mission. -&gt; saisir un code mission que vous poss\u00e9dez d\u00e9j\u00e0.","og_url":"https:\/\/urbanspygame.fr\/","og_site_name":"Urban Spy Game","article_modified_time":"2026-04-01T11:17:09+00:00","og_image":[{"width":1536,"height":1024,"url":"https:\/\/urbanspygame.fr\/wp-content\/uploads\/2026\/04\/URBEXPIONNAGE-Bandeau-Accueil.jpg","type":"image\/jpeg"}],"twitter_card":"summary_large_image","twitter_misc":{"Dur\u00e9e de lecture estim\u00e9e":"1 minute"},"schema":{"@context":"https:\/\/schema.org","@graph":[{"@type":"WebPage","@id":"https:\/\/urbanspygame.fr\/","url":"https:\/\/urbanspygame.fr\/","name":"Bienvenue dans la communaut\u00e9 du renseignement. - Urban Spy Game","isPartOf":{"@id":"https:\/\/urbanspygame.fr\/#website"},"primaryImageOfPage":{"@id":"https:\/\/urbanspygame.fr\/#primaryimage"},"image":{"@id":"https:\/\/urbanspygame.fr\/#primaryimage"},"thumbnailUrl":"https:\/\/urbanspygame.fr\/wp-content\/uploads\/2026\/04\/URBEXPIONNAGE-Bandeau-Accueil-1024x683.jpg","datePublished":"2026-04-01T09:53:40+00:00","dateModified":"2026-04-01T11:17:09+00:00","breadcrumb":{"@id":"https:\/\/urbanspygame.fr\/#breadcrumb"},"inLanguage":"fr-FR","potentialAction":[{"@type":"ReadAction","target":["https:\/\/urbanspygame.fr\/"]}]},{"@type":"ImageObject","inLanguage":"fr-FR","@id":"https:\/\/urbanspygame.fr\/#primaryimage","url":"https:\/\/urbanspygame.fr\/wp-content\/uploads\/2026\/04\/URBEXPIONNAGE-Bandeau-Accueil.jpg","contentUrl":"https:\/\/urbanspygame.fr\/wp-content\/uploads\/2026\/04\/URBEXPIONNAGE-Bandeau-Accueil.jpg","width":1536,"height":1024},{"@type":"BreadcrumbList","@id":"https:\/\/urbanspygame.fr\/#breadcrumb","itemListElement":[{"@type":"ListItem","position":1,"name":"Accueil","item":"https:\/\/urbanspygame.fr\/"},{"@type":"ListItem","position":2,"name":"Bienvenue dans la communaut\u00e9 du renseignement."}]},{"@type":"WebSite","@id":"https:\/\/urbanspygame.fr\/#website","url":"https:\/\/urbanspygame.fr\/","name":"Urban Spy Game","description":"","potentialAction":[{"@type":"SearchAction","target":{"@type":"EntryPoint","urlTemplate":"https:\/\/urbanspygame.fr\/?s={search_term_string}"},"query-input":{"@type":"PropertyValueSpecification","valueRequired":true,"valueName":"search_term_string"}}],"inLanguage":"fr-FR"}]}},"_links":{"self":[{"href":"https:\/\/urbanspygame.fr\/index.php?rest_route=\/wp\/v2\/pages\/317","targetHints":{"allow":["GET"]}}],"collection":[{"href":"https:\/\/urbanspygame.fr\/index.php?rest_route=\/wp\/v2\/pages"}],"about":[{"href":"https:\/\/urbanspygame.fr\/index.php?rest_route=\/wp\/v2\/types\/page"}],"author":[{"embeddable":true,"href":"https:\/\/urbanspygame.fr\/index.php?rest_route=\/wp\/v2\/users\/1"}],"replies":[{"embeddable":true,"href":"https:\/\/urbanspygame.fr\/index.php?rest_route=%2Fwp%2Fv2%2Fcomments&post=317"}],"version-history":[{"count":13,"href":"https:\/\/urbanspygame.fr\/index.php?rest_route=\/wp\/v2\/pages\/317\/revisions"}],"predecessor-version":[{"id":343,"href":"https:\/\/urbanspygame.fr\/index.php?rest_route=\/wp\/v2\/pages\/317\/revisions\/343"}],"wp:attachment":[{"href":"https:\/\/urbanspygame.fr\/index.php?rest_route=%2Fwp%2Fv2%2Fmedia&parent=317"}],"curies":[{"name":"wp","href":"https:\/\/api.w.org\/{rel}","templated":true}]}}